{"id":14546,"date":"2020-11-24T17:42:51","date_gmt":"2020-11-24T17:42:51","guid":{"rendered":"https:\/\/n2ors.com\/interactiva\/"},"modified":"2023-10-27T13:21:05","modified_gmt":"2023-10-27T13:21:05","slug":"interactiva","status":"publish","type":"page","link":"https:\/\/www.n2ors.com\/es\/interactiva\/","title":{"rendered":"Interactiva"},"content":{"rendered":"\t\t<div data-elementor-type=\"wp-page\" data-elementor-id=\"14546\" class=\"elementor elementor-14546 elementor-536\" data-elementor-post-type=\"page\">\n\t\t\t\t\t\t<section class=\"elementor-section elementor-top-section elementor-element elementor-element-62cf2e2 elementor-section-full_width elementor-section-height-default elementor-section-height-default\" data-id=\"62cf2e2\" data-element_type=\"section\" data-e-type=\"section\">\n\t\t\t\t\t\t<div class=\"elementor-container elementor-column-gap-default\">\n\t\t\t\t\t<div class=\"elementor-column elementor-col-100 elementor-top-column elementor-element elementor-element-9765b6c\" data-id=\"9765b6c\" data-element_type=\"column\" data-e-type=\"column\">\n\t\t\t<div class=\"elementor-widget-wrap elementor-element-populated\">\n\t\t\t\t\t\t<div class=\"elementor-element elementor-element-e764898 elementor-widget elementor-widget-html\" data-id=\"e764898\" data-element_type=\"widget\" data-e-type=\"widget\" data-widget_type=\"html.default\">\n\t\t\t\t<div class=\"elementor-widget-container\">\n\t\t\t\t\t <iframe height=\"900px\" width=\"100%\" src=\"\/interattiva-isolcell\/interattiva-isocell.html\" title=\"Interattiva\"><\/iframe>  \t\t\t\t<\/div>\n\t\t\t\t<\/div>\n\t\t\t\t\t<\/div>\n\t\t<\/div>\n\t\t\t\t\t<\/div>\n\t\t<\/section>\n\t\t\t\t<section class=\"elementor-section elementor-top-section elementor-element elementor-element-d30bf24 elementor-section-stretched elementor-section-full_width elementor-section-height-default elementor-section-height-default\" data-id=\"d30bf24\" data-element_type=\"section\" data-e-type=\"section\" data-settings=\"{&quot;stretch_section&quot;:&quot;section-stretched&quot;}\">\n\t\t\t\t\t\t<div class=\"elementor-container elementor-column-gap-default\">\n\t\t\t\t\t<div class=\"elementor-column elementor-col-33 elementor-top-column elementor-element elementor-element-17e5f40\" data-id=\"17e5f40\" data-element_type=\"column\" data-e-type=\"column\" data-settings=\"{&quot;background_background&quot;:&quot;classic&quot;}\">\n\t\t\t<div class=\"elementor-widget-wrap elementor-element-populated\">\n\t\t\t\t\t<div class=\"elementor-background-overlay\"><\/div>\n\t\t\t\t\t\t<div class=\"elementor-element elementor-element-9e4b6e3 elementor-widget elementor-widget-heading\" data-id=\"9e4b6e3\" data-element_type=\"widget\" data-e-type=\"widget\" data-widget_type=\"heading.default\">\n\t\t\t\t<div class=\"elementor-widget-container\">\n\t\t\t\t\t<h2 class=\"elementor-heading-title elementor-size-default\">Oxygen Reduction<br>System<\/h2>\t\t\t\t<\/div>\n\t\t\t\t<\/div>\n\t\t\t\t<div class=\"elementor-element elementor-element-4f0fda7 elementor-align-center elementor-widget elementor-widget-button\" data-id=\"4f0fda7\" data-element_type=\"widget\" data-e-type=\"widget\" data-widget_type=\"button.default\">\n\t\t\t\t<div class=\"elementor-widget-container\">\n\t\t\t\t\t\t\t\t\t<div class=\"elementor-button-wrapper\">\n\t\t\t\t\t<a class=\"elementor-button elementor-button-link elementor-size-sm\" href=\"#\">\n\t\t\t\t\t\t<span class=\"elementor-button-content-wrapper\">\n\t\t\t\t\t\t\t\t\t<span class=\"elementor-button-text\">Leer m\u00e1s<\/span>\n\t\t\t\t\t<\/span>\n\t\t\t\t\t<\/a>\n\t\t\t\t<\/div>\n\t\t\t\t\t\t\t\t<\/div>\n\t\t\t\t<\/div>\n\t\t\t\t\t<\/div>\n\t\t<\/div>\n\t\t\t\t<div class=\"elementor-column elementor-col-33 elementor-top-column elementor-element elementor-element-8ce27fe\" data-id=\"8ce27fe\" data-element_type=\"column\" data-e-type=\"column\" data-settings=\"{&quot;background_background&quot;:&quot;classic&quot;}\">\n\t\t\t<div class=\"elementor-widget-wrap elementor-element-populated\">\n\t\t\t\t\t<div class=\"elementor-background-overlay\"><\/div>\n\t\t\t\t\t\t<div class=\"elementor-element elementor-element-8bde5a2 elementor-widget elementor-widget-heading\" data-id=\"8bde5a2\" data-element_type=\"widget\" data-e-type=\"widget\" data-widget_type=\"heading.default\">\n\t\t\t\t<div class=\"elementor-widget-container\">\n\t\t\t\t\t<h2 class=\"elementor-heading-title elementor-size-default\">Normas y <\/br>reglamento<\/h2>\t\t\t\t<\/div>\n\t\t\t\t<\/div>\n\t\t\t\t<div class=\"elementor-element elementor-element-ee48bc1 elementor-align-center elementor-widget elementor-widget-button\" data-id=\"ee48bc1\" data-element_type=\"widget\" data-e-type=\"widget\" data-widget_type=\"button.default\">\n\t\t\t\t<div class=\"elementor-widget-container\">\n\t\t\t\t\t\t\t\t\t<div class=\"elementor-button-wrapper\">\n\t\t\t\t\t<a class=\"elementor-button elementor-button-link elementor-size-sm\" href=\"#\">\n\t\t\t\t\t\t<span class=\"elementor-button-content-wrapper\">\n\t\t\t\t\t\t\t\t\t<span class=\"elementor-button-text\">Leer m\u00e1s<\/span>\n\t\t\t\t\t<\/span>\n\t\t\t\t\t<\/a>\n\t\t\t\t<\/div>\n\t\t\t\t\t\t\t\t<\/div>\n\t\t\t\t<\/div>\n\t\t\t\t\t<\/div>\n\t\t<\/div>\n\t\t\t\t<div class=\"elementor-column elementor-col-33 elementor-top-column elementor-element elementor-element-1e00aca\" data-id=\"1e00aca\" data-element_type=\"column\" data-e-type=\"column\" data-settings=\"{&quot;background_background&quot;:&quot;classic&quot;}\">\n\t\t\t<div class=\"elementor-widget-wrap elementor-element-populated\">\n\t\t\t\t\t<div class=\"elementor-background-overlay\"><\/div>\n\t\t\t\t\t\t<div class=\"elementor-element elementor-element-fd184eb elementor-widget elementor-widget-heading\" data-id=\"fd184eb\" data-element_type=\"widget\" data-e-type=\"widget\" data-widget_type=\"heading.default\">\n\t\t\t\t<div class=\"elementor-widget-container\">\n\t\t\t\t\t<h2 class=\"elementor-heading-title elementor-size-default\">N2ORS <br>Aplicaciones<\/h2>\t\t\t\t<\/div>\n\t\t\t\t<\/div>\n\t\t\t\t<div class=\"elementor-element elementor-element-ca98f64 elementor-align-center elementor-widget elementor-widget-button\" data-id=\"ca98f64\" data-element_type=\"widget\" data-e-type=\"widget\" data-widget_type=\"button.default\">\n\t\t\t\t<div class=\"elementor-widget-container\">\n\t\t\t\t\t\t\t\t\t<div class=\"elementor-button-wrapper\">\n\t\t\t\t\t<a class=\"elementor-button elementor-button-link elementor-size-sm\" href=\"#\">\n\t\t\t\t\t\t<span class=\"elementor-button-content-wrapper\">\n\t\t\t\t\t\t\t\t\t<span class=\"elementor-button-text\">Leer m\u00e1s<\/span>\n\t\t\t\t\t<\/span>\n\t\t\t\t\t<\/a>\n\t\t\t\t<\/div>\n\t\t\t\t\t\t\t\t<\/div>\n\t\t\t\t<\/div>\n\t\t\t\t\t<\/div>\n\t\t<\/div>\n\t\t\t\t\t<\/div>\n\t\t<\/section>\n\t\t\t\t<section class=\"elementor-section elementor-top-section elementor-element elementor-element-c31704b elementor-section-boxed elementor-section-height-default elementor-section-height-default\" data-id=\"c31704b\" data-element_type=\"section\" data-e-type=\"section\" data-settings=\"{&quot;background_background&quot;:&quot;classic&quot;}\">\n\t\t\t\t\t\t<div class=\"elementor-container elementor-column-gap-default\">\n\t\t\t\t\t<div class=\"elementor-column elementor-col-66 elementor-top-column elementor-element elementor-element-a24ba63\" data-id=\"a24ba63\" data-element_type=\"column\" data-e-type=\"column\">\n\t\t\t<div class=\"elementor-widget-wrap elementor-element-populated\">\n\t\t\t\t\t\t<div class=\"elementor-element elementor-element-74bfa06 elementor-widget elementor-widget-heading\" data-id=\"74bfa06\" data-element_type=\"widget\" data-e-type=\"widget\" data-widget_type=\"heading.default\">\n\t\t\t\t<div class=\"elementor-widget-container\">\n\t\t\t\t\t<h4 class=\"elementor-heading-title elementor-size-default\">Para m\u00e1s informaci\u00f3n sobre nuestros productos<\/h4>\t\t\t\t<\/div>\n\t\t\t\t<\/div>\n\t\t\t\t\t<\/div>\n\t\t<\/div>\n\t\t\t\t<div class=\"elementor-column elementor-col-33 elementor-top-column elementor-element elementor-element-fcd8d35\" data-id=\"fcd8d35\" data-element_type=\"column\" data-e-type=\"column\">\n\t\t\t<div class=\"elementor-widget-wrap elementor-element-populated\">\n\t\t\t\t\t\t<div class=\"elementor-element elementor-element-f011122 elementor-widget elementor-widget-heading\" data-id=\"f011122\" data-element_type=\"widget\" data-e-type=\"widget\" data-widget_type=\"heading.default\">\n\t\t\t\t<div class=\"elementor-widget-container\">\n\t\t\t\t\t<h2 class=\"elementor-heading-title elementor-size-default\"><a href=\"https:\/\/www.n2ors.com\/es\/contacto\/\">Cont\u00e1ctanos<\/a><\/h2>\t\t\t\t<\/div>\n\t\t\t\t<\/div>\n\t\t\t\t\t<\/div>\n\t\t<\/div>\n\t\t\t\t\t<\/div>\n\t\t<\/section>\n\t\t\t\t<\/div>\n\t\t","protected":false},"excerpt":{"rendered":"<p>Oxygen ReductionSystem Leer m\u00e1s Normas y reglamento Leer m\u00e1s N2ORS Aplicaciones Leer m\u00e1s Para m\u00e1s informaci\u00f3n sobre nuestros productos Cont\u00e1ctanos<\/p>\n","protected":false},"author":1,"featured_media":0,"parent":0,"menu_order":0,"comment_status":"closed","ping_status":"closed","template":"","meta":{"footnotes":""},"class_list":["post-14546","page","type-page","status-publish","hentry"],"yoast_head":"<!-- This site is optimized with the Yoast SEO plugin v27.5 - https:\/\/yoast.com\/product\/yoast-seo-wordpress\/ -->\n<title>Oxygen Reduction System N2ORS - Isolcell<\/title>\n<meta name=\"description\" content=\"The N2 Oxygen Reduction System methodology prevents the development or spreading of open fires by adding nitrogen to the atmosphere.\" \/>\n<meta name=\"robots\" content=\"index, follow, max-snippet:-1, max-image-preview:large, max-video-preview:-1\" \/>\n<link rel=\"canonical\" href=\"https:\/\/www.n2ors.com\/es\/interactiva\/\" \/>\n<meta property=\"og:locale\" content=\"es_ES\" \/>\n<meta property=\"og:type\" content=\"article\" \/>\n<meta property=\"og:title\" content=\"Oxygen Reduction System N2ORS - Isolcell\" \/>\n<meta property=\"og:description\" content=\"The N2 Oxygen Reduction System methodology prevents the development or spreading of open fires by adding nitrogen to the atmosphere.\" \/>\n<meta property=\"og:url\" content=\"https:\/\/www.n2ors.com\/es\/interactiva\/\" \/>\n<meta property=\"og:site_name\" content=\"N2ORS\" \/>\n<meta property=\"article:modified_time\" content=\"2023-10-27T13:21:05+00:00\" \/>\n<meta name=\"twitter:card\" content=\"summary_large_image\" \/>\n<script type=\"application\/ld+json\" class=\"yoast-schema-graph\">{\"@context\":\"https:\\\/\\\/schema.org\",\"@graph\":[{\"@type\":\"WebPage\",\"@id\":\"https:\\\/\\\/www.n2ors.com\\\/es\\\/interactiva\\\/\",\"url\":\"https:\\\/\\\/www.n2ors.com\\\/es\\\/interactiva\\\/\",\"name\":\"Oxygen Reduction System N2ORS - Isolcell\",\"isPartOf\":{\"@id\":\"https:\\\/\\\/www.n2ors.com\\\/es\\\/#website\"},\"datePublished\":\"2020-11-24T17:42:51+00:00\",\"dateModified\":\"2023-10-27T13:21:05+00:00\",\"description\":\"The N2 Oxygen Reduction System methodology prevents the development or spreading of open fires by adding nitrogen to the atmosphere.\",\"breadcrumb\":{\"@id\":\"https:\\\/\\\/www.n2ors.com\\\/es\\\/interactiva\\\/#breadcrumb\"},\"inLanguage\":\"es\",\"potentialAction\":[{\"@type\":\"ReadAction\",\"target\":[\"https:\\\/\\\/www.n2ors.com\\\/es\\\/interactiva\\\/\"]}]},{\"@type\":\"BreadcrumbList\",\"@id\":\"https:\\\/\\\/www.n2ors.com\\\/es\\\/interactiva\\\/#breadcrumb\",\"itemListElement\":[{\"@type\":\"ListItem\",\"position\":1,\"name\":\"Home\",\"item\":\"https:\\\/\\\/www.n2ors.com\\\/es\\\/\"},{\"@type\":\"ListItem\",\"position\":2,\"name\":\"Interactiva\"}]},{\"@type\":\"WebSite\",\"@id\":\"https:\\\/\\\/www.n2ors.com\\\/es\\\/#website\",\"url\":\"https:\\\/\\\/www.n2ors.com\\\/es\\\/\",\"name\":\"N2ORS\",\"description\":\"Il mio blog WordPress\",\"publisher\":{\"@id\":\"https:\\\/\\\/www.n2ors.com\\\/es\\\/#organization\"},\"potentialAction\":[{\"@type\":\"SearchAction\",\"target\":{\"@type\":\"EntryPoint\",\"urlTemplate\":\"https:\\\/\\\/www.n2ors.com\\\/es\\\/?s={search_term_string}\"},\"query-input\":{\"@type\":\"PropertyValueSpecification\",\"valueRequired\":true,\"valueName\":\"search_term_string\"}}],\"inLanguage\":\"es\"},{\"@type\":\"Organization\",\"@id\":\"https:\\\/\\\/www.n2ors.com\\\/es\\\/#organization\",\"name\":\"N2ORS\",\"url\":\"https:\\\/\\\/www.n2ors.com\\\/es\\\/\",\"logo\":{\"@type\":\"ImageObject\",\"inLanguage\":\"es\",\"@id\":\"https:\\\/\\\/www.n2ors.com\\\/es\\\/#\\\/schema\\\/logo\\\/image\\\/\",\"url\":\"https:\\\/\\\/www.n2ors.com\\\/wp-content\\\/uploads\\\/2023\\\/06\\\/Oxygen-Reduction-System-LogoN2.png\",\"contentUrl\":\"https:\\\/\\\/www.n2ors.com\\\/wp-content\\\/uploads\\\/2023\\\/06\\\/Oxygen-Reduction-System-LogoN2.png\",\"width\":214,\"height\":100,\"caption\":\"N2ORS\"},\"image\":{\"@id\":\"https:\\\/\\\/www.n2ors.com\\\/es\\\/#\\\/schema\\\/logo\\\/image\\\/\"}}]}<\/script>\n<!-- \/ Yoast SEO plugin. -->","yoast_head_json":{"title":"Oxygen Reduction System N2ORS - Isolcell","description":"The N2 Oxygen Reduction System methodology prevents the development or spreading of open fires by adding nitrogen to the atmosphere.","robots":{"index":"index","follow":"follow","max-snippet":"max-snippet:-1","max-image-preview":"max-image-preview:large","max-video-preview":"max-video-preview:-1"},"canonical":"https:\/\/www.n2ors.com\/es\/interactiva\/","og_locale":"es_ES","og_type":"article","og_title":"Oxygen Reduction System N2ORS - Isolcell","og_description":"The N2 Oxygen Reduction System methodology prevents the development or spreading of open fires by adding nitrogen to the atmosphere.","og_url":"https:\/\/www.n2ors.com\/es\/interactiva\/","og_site_name":"N2ORS","article_modified_time":"2023-10-27T13:21:05+00:00","twitter_card":"summary_large_image","schema":{"@context":"https:\/\/schema.org","@graph":[{"@type":"WebPage","@id":"https:\/\/www.n2ors.com\/es\/interactiva\/","url":"https:\/\/www.n2ors.com\/es\/interactiva\/","name":"Oxygen Reduction System N2ORS - Isolcell","isPartOf":{"@id":"https:\/\/www.n2ors.com\/es\/#website"},"datePublished":"2020-11-24T17:42:51+00:00","dateModified":"2023-10-27T13:21:05+00:00","description":"The N2 Oxygen Reduction System methodology prevents the development or spreading of open fires by adding nitrogen to the atmosphere.","breadcrumb":{"@id":"https:\/\/www.n2ors.com\/es\/interactiva\/#breadcrumb"},"inLanguage":"es","potentialAction":[{"@type":"ReadAction","target":["https:\/\/www.n2ors.com\/es\/interactiva\/"]}]},{"@type":"BreadcrumbList","@id":"https:\/\/www.n2ors.com\/es\/interactiva\/#breadcrumb","itemListElement":[{"@type":"ListItem","position":1,"name":"Home","item":"https:\/\/www.n2ors.com\/es\/"},{"@type":"ListItem","position":2,"name":"Interactiva"}]},{"@type":"WebSite","@id":"https:\/\/www.n2ors.com\/es\/#website","url":"https:\/\/www.n2ors.com\/es\/","name":"N2ORS","description":"Il mio blog WordPress","publisher":{"@id":"https:\/\/www.n2ors.com\/es\/#organization"},"potentialAction":[{"@type":"SearchAction","target":{"@type":"EntryPoint","urlTemplate":"https:\/\/www.n2ors.com\/es\/?s={search_term_string}"},"query-input":{"@type":"PropertyValueSpecification","valueRequired":true,"valueName":"search_term_string"}}],"inLanguage":"es"},{"@type":"Organization","@id":"https:\/\/www.n2ors.com\/es\/#organization","name":"N2ORS","url":"https:\/\/www.n2ors.com\/es\/","logo":{"@type":"ImageObject","inLanguage":"es","@id":"https:\/\/www.n2ors.com\/es\/#\/schema\/logo\/image\/","url":"https:\/\/www.n2ors.com\/wp-content\/uploads\/2023\/06\/Oxygen-Reduction-System-LogoN2.png","contentUrl":"https:\/\/www.n2ors.com\/wp-content\/uploads\/2023\/06\/Oxygen-Reduction-System-LogoN2.png","width":214,"height":100,"caption":"N2ORS"},"image":{"@id":"https:\/\/www.n2ors.com\/es\/#\/schema\/logo\/image\/"}}]}},"_links":{"self":[{"href":"https:\/\/www.n2ors.com\/es\/wp-json\/wp\/v2\/pages\/14546","targetHints":{"allow":["GET"]}}],"collection":[{"href":"https:\/\/www.n2ors.com\/es\/wp-json\/wp\/v2\/pages"}],"about":[{"href":"https:\/\/www.n2ors.com\/es\/wp-json\/wp\/v2\/types\/page"}],"author":[{"embeddable":true,"href":"https:\/\/www.n2ors.com\/es\/wp-json\/wp\/v2\/users\/1"}],"replies":[{"embeddable":true,"href":"https:\/\/www.n2ors.com\/es\/wp-json\/wp\/v2\/comments?post=14546"}],"version-history":[{"count":3,"href":"https:\/\/www.n2ors.com\/es\/wp-json\/wp\/v2\/pages\/14546\/revisions"}],"predecessor-version":[{"id":20602,"href":"https:\/\/www.n2ors.com\/es\/wp-json\/wp\/v2\/pages\/14546\/revisions\/20602"}],"wp:attachment":[{"href":"https:\/\/www.n2ors.com\/es\/wp-json\/wp\/v2\/media?parent=14546"}],"curies":[{"name":"wp","href":"https:\/\/api.w.org\/{rel}","templated":true}]}}