{"id":19383,"date":"2023-02-20T09:58:44","date_gmt":"2023-02-20T09:58:44","guid":{"rendered":"https:\/\/www.n2ors.com\/oxygen-sensor-n2-ors\/"},"modified":"2023-10-27T10:49:34","modified_gmt":"2023-10-27T10:49:34","slug":"oxygen-sensor-n2-ors","status":"publish","type":"page","link":"https:\/\/www.n2ors.com\/de\/oxygen-sensor-n2-ors\/","title":{"rendered":"N2 ORS\u00ae-Sauerstoffsensor"},"content":{"rendered":"\t\t<div data-elementor-type=\"wp-page\" data-elementor-id=\"19383\" class=\"elementor elementor-19383 elementor-19187\" data-elementor-post-type=\"page\">\n\t\t\t\t\t\t<section class=\"elementor-section elementor-top-section elementor-element elementor-element-57d4a18a elementor-section-stretched elementor-section-boxed elementor-section-height-default elementor-section-height-default\" data-id=\"57d4a18a\" data-element_type=\"section\" data-e-type=\"section\" data-settings=\"{&quot;background_background&quot;:&quot;classic&quot;,&quot;stretch_section&quot;:&quot;section-stretched&quot;,&quot;background_motion_fx_motion_fx_scrolling&quot;:&quot;yes&quot;,&quot;background_motion_fx_translateY_effect&quot;:&quot;yes&quot;,&quot;background_motion_fx_translateY_speed&quot;:{&quot;unit&quot;:&quot;px&quot;,&quot;size&quot;:4,&quot;sizes&quot;:[]},&quot;background_motion_fx_translateY_affectedRange&quot;:{&quot;unit&quot;:&quot;%&quot;,&quot;size&quot;:&quot;&quot;,&quot;sizes&quot;:{&quot;start&quot;:0,&quot;end&quot;:100}},&quot;background_motion_fx_devices&quot;:[&quot;desktop&quot;,&quot;tablet&quot;,&quot;mobile&quot;]}\">\n\t\t\t\t\t\t<div class=\"elementor-container elementor-column-gap-no\">\n\t\t\t\t\t<div class=\"elementor-column elementor-col-50 elementor-top-column elementor-element elementor-element-60eb68f\" data-id=\"60eb68f\" data-element_type=\"column\" data-e-type=\"column\">\n\t\t\t<div class=\"elementor-widget-wrap\">\n\t\t\t\t\t\t\t<\/div>\n\t\t<\/div>\n\t\t\t\t<div class=\"elementor-column elementor-col-50 elementor-top-column elementor-element elementor-element-5fe0272d\" data-id=\"5fe0272d\" data-element_type=\"column\" data-e-type=\"column\">\n\t\t\t<div class=\"elementor-widget-wrap elementor-element-populated\">\n\t\t\t\t\t\t<div class=\"elementor-element elementor-element-ad1dcfa elementor-widget elementor-widget-breadcrumbs\" data-id=\"ad1dcfa\" data-element_type=\"widget\" data-e-type=\"widget\" data-widget_type=\"breadcrumbs.default\">\n\t\t\t\t<div class=\"elementor-widget-container\">\n\t\t\t\t\t<p id=\"breadcrumbs\"><span><span><a href=\"https:\/\/www.n2ors.com\/de\/\">Home<\/a><\/span><\/span><\/p>\t\t\t\t<\/div>\n\t\t\t\t<\/div>\n\t\t\t\t<div class=\"elementor-element elementor-element-20f2925f elementor-widget elementor-widget-heading\" data-id=\"20f2925f\" data-element_type=\"widget\" data-e-type=\"widget\" data-widget_type=\"heading.default\">\n\t\t\t\t<div class=\"elementor-widget-container\">\n\t\t\t\t\t<h2 class=\"elementor-heading-title elementor-size-default\">Isolcell N2 ORS\u00ae-Sauerstoffsensor<\/h2>\t\t\t\t<\/div>\n\t\t\t\t<\/div>\n\t\t\t\t<div class=\"elementor-element elementor-element-31b45326 elementor-widget__width-initial elementor-widget elementor-widget-heading\" data-id=\"31b45326\" data-element_type=\"widget\" data-e-type=\"widget\" data-widget_type=\"heading.default\">\n\t\t\t\t<div class=\"elementor-widget-container\">\n\t\t\t\t\t<h2 class=\"elementor-heading-title elementor-size-default\">Fortschrittliche Technologie<\/br> f\u00fcr neue Ziele.<\/h2>\t\t\t\t<\/div>\n\t\t\t\t<\/div>\n\t\t\t\t\t<\/div>\n\t\t<\/div>\n\t\t\t\t\t<\/div>\n\t\t<\/section>\n\t\t\t\t<section class=\"elementor-section elementor-top-section elementor-element elementor-element-422c482a elementor-section-boxed elementor-section-height-default elementor-section-height-default\" data-id=\"422c482a\" data-element_type=\"section\" data-e-type=\"section\" id=\"adox\" data-settings=\"{&quot;background_background&quot;:&quot;classic&quot;}\">\n\t\t\t\t\t\t<div class=\"elementor-container elementor-column-gap-default\">\n\t\t\t\t\t<div class=\"elementor-column elementor-col-50 elementor-top-column elementor-element elementor-element-7c9d9556\" data-id=\"7c9d9556\" data-element_type=\"column\" data-e-type=\"column\">\n\t\t\t<div class=\"elementor-widget-wrap elementor-element-populated\">\n\t\t\t\t\t\t<div class=\"elementor-element elementor-element-a911f99 elementor-widget elementor-widget-heading\" data-id=\"a911f99\" data-element_type=\"widget\" data-e-type=\"widget\" data-widget_type=\"heading.default\">\n\t\t\t\t<div class=\"elementor-widget-container\">\n\t\t\t\t\t<h2 class=\"elementor-heading-title elementor-size-default\">Wir haben ein \u00e4u\u00dferst zuverl\u00e4ssiges Messwerkzeug entwickelt.<\/h2>\t\t\t\t<\/div>\n\t\t\t\t<\/div>\n\t\t\t\t<div class=\"elementor-element elementor-element-41154e8b elementor-widget elementor-widget-text-editor\" data-id=\"41154e8b\" data-element_type=\"widget\" data-e-type=\"widget\" data-widget_type=\"text-editor.default\">\n\t\t\t\t<div class=\"elementor-widget-container\">\n\t\t\t\t\t\t\t\t\t<p>In Anbetracht dieser detaillierten Vorgaben haben wir ein <strong>\u00e4u\u00dferst zuverl\u00e4ssiges<\/strong> Messwerkzeug entwickelt. <strong>Jedes<\/strong> unserer Ger\u00e4te ist innen mit <strong>drei einzelnen Sensoren<\/strong> ausgestattet, die durch gegenseitige Messdiagnose mit Dreifachstruktur und Mehrfachredundanz unterst\u00fctzt werden. Das hei\u00dft, dass die gemessenen Werte mit einer 2\/3-Bewertungslogik (2 von 3 Komponenten) verarbeitet werden, wodurch ein <strong>pr\u00e4ziser und eindeutiger Wert<\/strong> geliefert wird und ein <strong>hohes Ma\u00df an Sicherheit<\/strong> gew\u00e4hrleistet ist. Dies belegt die Tatsache, dass unsere Sauerstoffsensoren auch nach <strong>IEC 61508: 2010<\/strong> zertifiziert sind, mit dem hohen Ma\u00df an Zuverl\u00e4ssigkeit der <strong>SIL-Stufe 3<\/strong>.<\/p>\n\t\t\t\t\t\t\t\t<\/div>\n\t\t\t\t<\/div>\n\t\t\t\t<div class=\"elementor-element elementor-element-5fc4f09 elementor-widget elementor-widget-button\" data-id=\"5fc4f09\" data-element_type=\"widget\" data-e-type=\"widget\" data-widget_type=\"button.default\">\n\t\t\t\t<div class=\"elementor-widget-container\">\n\t\t\t\t\t\t\t\t\t<div class=\"elementor-button-wrapper\">\n\t\t\t\t\t<a class=\"elementor-button elementor-button-link elementor-size-sm\" href=\"https:\/\/www.n2ors.com\/de\/die-steuerzentrale\/#oxygen-sensor\">\n\t\t\t\t\t\t<span class=\"elementor-button-content-wrapper\">\n\t\t\t\t\t\t\t\t\t<span class=\"elementor-button-text\">Weitere Informationen<\/span>\n\t\t\t\t\t<\/span>\n\t\t\t\t\t<\/a>\n\t\t\t\t<\/div>\n\t\t\t\t\t\t\t\t<\/div>\n\t\t\t\t<\/div>\n\t\t\t\t\t<\/div>\n\t\t<\/div>\n\t\t\t\t<div class=\"elementor-column elementor-col-50 elementor-top-column elementor-element elementor-element-504c001\" data-id=\"504c001\" data-element_type=\"column\" data-e-type=\"column\" data-settings=\"{&quot;animation&quot;:&quot;none&quot;}\">\n\t\t\t<div class=\"elementor-widget-wrap elementor-element-populated\">\n\t\t\t\t\t\t<div class=\"elementor-element elementor-element-432b7e3 elementor-widget elementor-widget-heading\" data-id=\"432b7e3\" data-element_type=\"widget\" data-e-type=\"widget\" data-widget_type=\"heading.default\">\n\t\t\t\t<div class=\"elementor-widget-container\">\n\t\t\t\t\t<h2 class=\"elementor-heading-title elementor-size-default\">Unser Sauerstoffsensor <\/br>ist jetzt auch VdS-zertifiziert. <\/h2>\t\t\t\t<\/div>\n\t\t\t\t<\/div>\n\t\t\t\t<div class=\"elementor-element elementor-element-98d41bf elementor-align-center elementor-icon-list--layout-traditional elementor-list-item-link-full_width elementor-widget elementor-widget-icon-list\" data-id=\"98d41bf\" data-element_type=\"widget\" data-e-type=\"widget\" data-widget_type=\"icon-list.default\">\n\t\t\t\t<div class=\"elementor-widget-container\">\n\t\t\t\t\t\t\t<ul class=\"elementor-icon-list-items\">\n\t\t\t\t\t\t\t<li class=\"elementor-icon-list-item\">\n\t\t\t\t\t\t\t\t\t\t\t<span class=\"elementor-icon-list-icon\">\n\t\t\t\t\t\t\t<i aria-hidden=\"true\" class=\"fas fa-check\"><\/i>\t\t\t\t\t\t<\/span>\n\t\t\t\t\t\t\t\t\t\t<span class=\"elementor-icon-list-text\">Cert. Nr. G 222058<\/span>\n\t\t\t\t\t\t\t\t\t<\/li>\n\t\t\t\t\t\t<\/ul>\n\t\t\t\t\t\t<\/div>\n\t\t\t\t<\/div>\n\t\t\t\t<div class=\"elementor-element elementor-element-5e36ad0 elementor-widget elementor-widget-image\" data-id=\"5e36ad0\" data-element_type=\"widget\" data-e-type=\"widget\" data-widget_type=\"image.default\">\n\t\t\t\t<div class=\"elementor-widget-container\">\n\t\t\t\t\t\t\t\t\t\t\t\t\t\t\t<img decoding=\"async\" width=\"252\" height=\"120\" src=\"https:\/\/www.n2ors.com\/wp-content\/uploads\/2023\/02\/VdS_logo_252x120.png\" class=\"attachment-large size-large wp-image-19270\" alt=\"\" \/>\t\t\t\t\t\t\t\t\t\t\t\t\t\t\t<\/div>\n\t\t\t\t<\/div>\n\t\t\t\t\t<\/div>\n\t\t<\/div>\n\t\t\t\t\t<\/div>\n\t\t<\/section>\n\t\t\t\t<section class=\"elementor-section elementor-top-section elementor-element elementor-element-4f0b73af elementor-section-height-min-height elementor-section-boxed elementor-section-height-default elementor-section-items-middle\" data-id=\"4f0b73af\" data-element_type=\"section\" data-e-type=\"section\" data-settings=\"{&quot;background_background&quot;:&quot;classic&quot;,&quot;shape_divider_top&quot;:&quot;arrow&quot;}\">\n\t\t\t\t\t<div class=\"elementor-shape elementor-shape-top\" aria-hidden=\"true\" data-negative=\"false\">\n\t\t\t<svg xmlns=\"http:\/\/www.w3.org\/2000\/svg\" viewBox=\"0 0 700 10\" preserveAspectRatio=\"none\">\n\t<path class=\"elementor-shape-fill\" d=\"M350,10L340,0h20L350,10z\"\/>\n<\/svg>\t\t<\/div>\n\t\t\t\t\t<div class=\"elementor-container elementor-column-gap-default\">\n\t\t\t\t\t<div class=\"elementor-column elementor-col-50 elementor-top-column elementor-element elementor-element-4d9dafe6\" data-id=\"4d9dafe6\" data-element_type=\"column\" data-e-type=\"column\">\n\t\t\t<div class=\"elementor-widget-wrap\">\n\t\t\t\t\t\t\t<\/div>\n\t\t<\/div>\n\t\t\t\t<div class=\"elementor-column elementor-col-50 elementor-top-column elementor-element elementor-element-da3c111\" data-id=\"da3c111\" data-element_type=\"column\" data-e-type=\"column\">\n\t\t\t<div class=\"elementor-widget-wrap\">\n\t\t\t\t\t\t\t<\/div>\n\t\t<\/div>\n\t\t\t\t\t<\/div>\n\t\t<\/section>\n\t\t\t\t<section class=\"elementor-section elementor-top-section elementor-element elementor-element-115ed492 elementor-section-boxed elementor-section-height-default elementor-section-height-default\" data-id=\"115ed492\" data-element_type=\"section\" data-e-type=\"section\" data-settings=\"{&quot;background_background&quot;:&quot;classic&quot;}\">\n\t\t\t\t\t\t<div class=\"elementor-container elementor-column-gap-default\">\n\t\t\t\t\t<div class=\"elementor-column elementor-col-66 elementor-top-column elementor-element elementor-element-1078ddee\" data-id=\"1078ddee\" data-element_type=\"column\" data-e-type=\"column\">\n\t\t\t<div class=\"elementor-widget-wrap elementor-element-populated\">\n\t\t\t\t\t\t<div class=\"elementor-element elementor-element-744c877b elementor-widget elementor-widget-heading\" data-id=\"744c877b\" data-element_type=\"widget\" data-e-type=\"widget\" data-widget_type=\"heading.default\">\n\t\t\t\t<div class=\"elementor-widget-container\">\n\t\t\t\t\t<h4 class=\"elementor-heading-title elementor-size-default\">F\u00fcr weitere Informationen \u00fcber unsere Produkte<\/h4>\t\t\t\t<\/div>\n\t\t\t\t<\/div>\n\t\t\t\t\t<\/div>\n\t\t<\/div>\n\t\t\t\t<div class=\"elementor-column elementor-col-33 elementor-top-column elementor-element elementor-element-5a05047f\" data-id=\"5a05047f\" data-element_type=\"column\" data-e-type=\"column\">\n\t\t\t<div class=\"elementor-widget-wrap elementor-element-populated\">\n\t\t\t\t\t\t<div class=\"elementor-element elementor-element-62ad9004 elementor-widget elementor-widget-heading\" data-id=\"62ad9004\" data-element_type=\"widget\" data-e-type=\"widget\" data-widget_type=\"heading.default\">\n\t\t\t\t<div class=\"elementor-widget-container\">\n\t\t\t\t\t<h2 class=\"elementor-heading-title elementor-size-default\"><a href=\"#\">Kontakt<\/a><\/h2>\t\t\t\t<\/div>\n\t\t\t\t<\/div>\n\t\t\t\t\t<\/div>\n\t\t<\/div>\n\t\t\t\t\t<\/div>\n\t\t<\/section>\n\t\t\t\t<\/div>\n\t\t","protected":false},"excerpt":{"rendered":"<p>Isolcell N2 ORS\u00ae-Sauerstoffsensor Fortschrittliche Technologie f\u00fcr neue Ziele. Wir haben ein \u00e4u\u00dferst zuverl\u00e4ssiges Messwerkzeug entwickelt. In Anbetracht dieser detaillierten Vorgaben haben wir ein \u00e4u\u00dferst zuverl\u00e4ssiges Messwerkzeug entwickelt. Jedes unserer Ger\u00e4te ist innen mit drei einzelnen Sensoren ausgestattet, die durch gegenseitige Messdiagnose mit Dreifachstruktur und Mehrfachredundanz unterst\u00fctzt werden. Das hei\u00dft, dass die gemessenen Werte mit einer [&hellip;]<\/p>\n","protected":false},"author":1,"featured_media":0,"parent":0,"menu_order":0,"comment_status":"closed","ping_status":"closed","template":"","meta":{"footnotes":""},"class_list":["post-19383","page","type-page","status-publish","hentry"],"yoast_head":"<!-- This site is optimized with the Yoast SEO plugin v27.6 - https:\/\/yoast.com\/product\/yoast-seo-wordpress\/ -->\n<title>Oxygen Reduction System N2ORS - Isolcell<\/title>\n<meta name=\"description\" content=\"The N2 Oxygen Reduction System methodology prevents the development or spreading of open fires by adding nitrogen to the atmosphere.\" \/>\n<meta name=\"robots\" content=\"index, follow, max-snippet:-1, max-image-preview:large, max-video-preview:-1\" \/>\n<link rel=\"canonical\" href=\"https:\/\/www.n2ors.com\/de\/oxygen-sensor-n2-ors\/\" \/>\n<meta property=\"og:locale\" content=\"de_DE\" \/>\n<meta property=\"og:type\" content=\"article\" \/>\n<meta property=\"og:title\" content=\"Oxygen Reduction System N2ORS - Isolcell\" \/>\n<meta property=\"og:description\" content=\"The N2 Oxygen Reduction System methodology prevents the development or spreading of open fires by adding nitrogen to the atmosphere.\" \/>\n<meta property=\"og:url\" content=\"https:\/\/www.n2ors.com\/de\/oxygen-sensor-n2-ors\/\" \/>\n<meta property=\"og:site_name\" content=\"N2ORS\" \/>\n<meta property=\"article:modified_time\" content=\"2023-10-27T10:49:34+00:00\" \/>\n<meta property=\"og:image\" content=\"https:\/\/www.n2ors.com\/wp-content\/uploads\/2023\/02\/VdS_logo_252x120.png\" \/>\n<meta name=\"twitter:card\" content=\"summary_large_image\" \/>\n<meta name=\"twitter:label1\" content=\"Gesch\u00e4tzte Lesezeit\" \/>\n\t<meta name=\"twitter:data1\" content=\"1\u00a0Minute\" \/>\n<script type=\"application\/ld+json\" class=\"yoast-schema-graph\">{\"@context\":\"https:\\\/\\\/schema.org\",\"@graph\":[{\"@type\":\"WebPage\",\"@id\":\"https:\\\/\\\/www.n2ors.com\\\/de\\\/oxygen-sensor-n2-ors\\\/\",\"url\":\"https:\\\/\\\/www.n2ors.com\\\/de\\\/oxygen-sensor-n2-ors\\\/\",\"name\":\"Oxygen Reduction System N2ORS - Isolcell\",\"isPartOf\":{\"@id\":\"https:\\\/\\\/www.n2ors.com\\\/de\\\/#website\"},\"primaryImageOfPage\":{\"@id\":\"https:\\\/\\\/www.n2ors.com\\\/de\\\/oxygen-sensor-n2-ors\\\/#primaryimage\"},\"image\":{\"@id\":\"https:\\\/\\\/www.n2ors.com\\\/de\\\/oxygen-sensor-n2-ors\\\/#primaryimage\"},\"thumbnailUrl\":\"https:\\\/\\\/www.n2ors.com\\\/wp-content\\\/uploads\\\/2023\\\/02\\\/VdS_logo_252x120.png\",\"datePublished\":\"2023-02-20T09:58:44+00:00\",\"dateModified\":\"2023-10-27T10:49:34+00:00\",\"description\":\"The N2 Oxygen Reduction System methodology prevents the development or spreading of open fires by adding nitrogen to the atmosphere.\",\"breadcrumb\":{\"@id\":\"https:\\\/\\\/www.n2ors.com\\\/de\\\/oxygen-sensor-n2-ors\\\/#breadcrumb\"},\"inLanguage\":\"de\",\"potentialAction\":[{\"@type\":\"ReadAction\",\"target\":[\"https:\\\/\\\/www.n2ors.com\\\/de\\\/oxygen-sensor-n2-ors\\\/\"]}]},{\"@type\":\"ImageObject\",\"inLanguage\":\"de\",\"@id\":\"https:\\\/\\\/www.n2ors.com\\\/de\\\/oxygen-sensor-n2-ors\\\/#primaryimage\",\"url\":\"https:\\\/\\\/www.n2ors.com\\\/wp-content\\\/uploads\\\/2023\\\/02\\\/VdS_logo_252x120.png\",\"contentUrl\":\"https:\\\/\\\/www.n2ors.com\\\/wp-content\\\/uploads\\\/2023\\\/02\\\/VdS_logo_252x120.png\"},{\"@type\":\"BreadcrumbList\",\"@id\":\"https:\\\/\\\/www.n2ors.com\\\/de\\\/oxygen-sensor-n2-ors\\\/#breadcrumb\",\"itemListElement\":[{\"@type\":\"ListItem\",\"position\":1,\"name\":\"Home\",\"item\":\"https:\\\/\\\/www.n2ors.com\\\/de\\\/\"},{\"@type\":\"ListItem\",\"position\":2,\"name\":\"N2 ORS\u00ae-Sauerstoffsensor\"}]},{\"@type\":\"WebSite\",\"@id\":\"https:\\\/\\\/www.n2ors.com\\\/de\\\/#website\",\"url\":\"https:\\\/\\\/www.n2ors.com\\\/de\\\/\",\"name\":\"N2ORS\",\"description\":\"Il mio blog WordPress\",\"publisher\":{\"@id\":\"https:\\\/\\\/www.n2ors.com\\\/de\\\/#organization\"},\"potentialAction\":[{\"@type\":\"SearchAction\",\"target\":{\"@type\":\"EntryPoint\",\"urlTemplate\":\"https:\\\/\\\/www.n2ors.com\\\/de\\\/?s={search_term_string}\"},\"query-input\":{\"@type\":\"PropertyValueSpecification\",\"valueRequired\":true,\"valueName\":\"search_term_string\"}}],\"inLanguage\":\"de\"},{\"@type\":\"Organization\",\"@id\":\"https:\\\/\\\/www.n2ors.com\\\/de\\\/#organization\",\"name\":\"N2ORS\",\"url\":\"https:\\\/\\\/www.n2ors.com\\\/de\\\/\",\"logo\":{\"@type\":\"ImageObject\",\"inLanguage\":\"de\",\"@id\":\"https:\\\/\\\/www.n2ors.com\\\/de\\\/#\\\/schema\\\/logo\\\/image\\\/\",\"url\":\"https:\\\/\\\/www.n2ors.com\\\/wp-content\\\/uploads\\\/2023\\\/06\\\/Oxygen-Reduction-System-LogoN2.png\",\"contentUrl\":\"https:\\\/\\\/www.n2ors.com\\\/wp-content\\\/uploads\\\/2023\\\/06\\\/Oxygen-Reduction-System-LogoN2.png\",\"width\":214,\"height\":100,\"caption\":\"N2ORS\"},\"image\":{\"@id\":\"https:\\\/\\\/www.n2ors.com\\\/de\\\/#\\\/schema\\\/logo\\\/image\\\/\"}}]}<\/script>\n<!-- \/ Yoast SEO plugin. -->","yoast_head_json":{"title":"Oxygen Reduction System N2ORS - Isolcell","description":"The N2 Oxygen Reduction System methodology prevents the development or spreading of open fires by adding nitrogen to the atmosphere.","robots":{"index":"index","follow":"follow","max-snippet":"max-snippet:-1","max-image-preview":"max-image-preview:large","max-video-preview":"max-video-preview:-1"},"canonical":"https:\/\/www.n2ors.com\/de\/oxygen-sensor-n2-ors\/","og_locale":"de_DE","og_type":"article","og_title":"Oxygen Reduction System N2ORS - Isolcell","og_description":"The N2 Oxygen Reduction System methodology prevents the development or spreading of open fires by adding nitrogen to the atmosphere.","og_url":"https:\/\/www.n2ors.com\/de\/oxygen-sensor-n2-ors\/","og_site_name":"N2ORS","article_modified_time":"2023-10-27T10:49:34+00:00","og_image":[{"url":"https:\/\/www.n2ors.com\/wp-content\/uploads\/2023\/02\/VdS_logo_252x120.png","type":"","width":"","height":""}],"twitter_card":"summary_large_image","twitter_misc":{"Gesch\u00e4tzte Lesezeit":"1\u00a0Minute"},"schema":{"@context":"https:\/\/schema.org","@graph":[{"@type":"WebPage","@id":"https:\/\/www.n2ors.com\/de\/oxygen-sensor-n2-ors\/","url":"https:\/\/www.n2ors.com\/de\/oxygen-sensor-n2-ors\/","name":"Oxygen Reduction System N2ORS - Isolcell","isPartOf":{"@id":"https:\/\/www.n2ors.com\/de\/#website"},"primaryImageOfPage":{"@id":"https:\/\/www.n2ors.com\/de\/oxygen-sensor-n2-ors\/#primaryimage"},"image":{"@id":"https:\/\/www.n2ors.com\/de\/oxygen-sensor-n2-ors\/#primaryimage"},"thumbnailUrl":"https:\/\/www.n2ors.com\/wp-content\/uploads\/2023\/02\/VdS_logo_252x120.png","datePublished":"2023-02-20T09:58:44+00:00","dateModified":"2023-10-27T10:49:34+00:00","description":"The N2 Oxygen Reduction System methodology prevents the development or spreading of open fires by adding nitrogen to the atmosphere.","breadcrumb":{"@id":"https:\/\/www.n2ors.com\/de\/oxygen-sensor-n2-ors\/#breadcrumb"},"inLanguage":"de","potentialAction":[{"@type":"ReadAction","target":["https:\/\/www.n2ors.com\/de\/oxygen-sensor-n2-ors\/"]}]},{"@type":"ImageObject","inLanguage":"de","@id":"https:\/\/www.n2ors.com\/de\/oxygen-sensor-n2-ors\/#primaryimage","url":"https:\/\/www.n2ors.com\/wp-content\/uploads\/2023\/02\/VdS_logo_252x120.png","contentUrl":"https:\/\/www.n2ors.com\/wp-content\/uploads\/2023\/02\/VdS_logo_252x120.png"},{"@type":"BreadcrumbList","@id":"https:\/\/www.n2ors.com\/de\/oxygen-sensor-n2-ors\/#breadcrumb","itemListElement":[{"@type":"ListItem","position":1,"name":"Home","item":"https:\/\/www.n2ors.com\/de\/"},{"@type":"ListItem","position":2,"name":"N2 ORS\u00ae-Sauerstoffsensor"}]},{"@type":"WebSite","@id":"https:\/\/www.n2ors.com\/de\/#website","url":"https:\/\/www.n2ors.com\/de\/","name":"N2ORS","description":"Il mio blog WordPress","publisher":{"@id":"https:\/\/www.n2ors.com\/de\/#organization"},"potentialAction":[{"@type":"SearchAction","target":{"@type":"EntryPoint","urlTemplate":"https:\/\/www.n2ors.com\/de\/?s={search_term_string}"},"query-input":{"@type":"PropertyValueSpecification","valueRequired":true,"valueName":"search_term_string"}}],"inLanguage":"de"},{"@type":"Organization","@id":"https:\/\/www.n2ors.com\/de\/#organization","name":"N2ORS","url":"https:\/\/www.n2ors.com\/de\/","logo":{"@type":"ImageObject","inLanguage":"de","@id":"https:\/\/www.n2ors.com\/de\/#\/schema\/logo\/image\/","url":"https:\/\/www.n2ors.com\/wp-content\/uploads\/2023\/06\/Oxygen-Reduction-System-LogoN2.png","contentUrl":"https:\/\/www.n2ors.com\/wp-content\/uploads\/2023\/06\/Oxygen-Reduction-System-LogoN2.png","width":214,"height":100,"caption":"N2ORS"},"image":{"@id":"https:\/\/www.n2ors.com\/de\/#\/schema\/logo\/image\/"}}]}},"_links":{"self":[{"href":"https:\/\/www.n2ors.com\/de\/wp-json\/wp\/v2\/pages\/19383","targetHints":{"allow":["GET"]}}],"collection":[{"href":"https:\/\/www.n2ors.com\/de\/wp-json\/wp\/v2\/pages"}],"about":[{"href":"https:\/\/www.n2ors.com\/de\/wp-json\/wp\/v2\/types\/page"}],"author":[{"embeddable":true,"href":"https:\/\/www.n2ors.com\/de\/wp-json\/wp\/v2\/users\/1"}],"replies":[{"embeddable":true,"href":"https:\/\/www.n2ors.com\/de\/wp-json\/wp\/v2\/comments?post=19383"}],"version-history":[{"count":16,"href":"https:\/\/www.n2ors.com\/de\/wp-json\/wp\/v2\/pages\/19383\/revisions"}],"predecessor-version":[{"id":20320,"href":"https:\/\/www.n2ors.com\/de\/wp-json\/wp\/v2\/pages\/19383\/revisions\/20320"}],"wp:attachment":[{"href":"https:\/\/www.n2ors.com\/de\/wp-json\/wp\/v2\/media?parent=19383"}],"curies":[{"name":"wp","href":"https:\/\/api.w.org\/{rel}","templated":true}]}}